{"id":159515,"date":"2013-07-24T11:08:59","date_gmt":"2013-07-24T11:08:59","guid":{"rendered":"https:\/\/sun-homes.co.uk\/aegypten\/"},"modified":"2023-09-27T14:44:19","modified_gmt":"2023-09-27T14:44:19","slug":"aegypten","status":"publish","type":"page","link":"https:\/\/sun-homes.co.uk\/de\/aegypten\/","title":{"rendered":"\u00c4gypten"},"content":{"rendered":"<div class=\"row row-fluid\"><div class=\"col-sm-12\"><div class=\"vc_column-inner\"><div class=\"wpb_wrapper\">\n\t<div class=\"wpb_text_column wpb_content_element \" >\n\t\t<div class=\"wpb_wrapper\">\n\t\t\t<h3 style=\"text-align: right;\">Entwicklungen und Immobilien zum Verkauf in \u00c4gypten<\/h3>\n<p>\u00c4gypten hat eine mystische und zeitlose Anziehungskraft, die seit vielen Jahrhunderten Reisende aus nah und fern anzieht. Von den faszinierenden Sehensw\u00fcrdigkeiten der Pharaonen an den Ufern des Nils in Luxor bis zu den herrlichen Str\u00e4nden des Roten Meeres in Sharm El Sheikh ist dies ein Land voller Kontraste, in dem altes und modernes Leben Seite an Seite existieren. Vergangene Zivilisationen haben einen unausl\u00f6schlichen Eindruck in der Landschaft hinterlassen und das geschaffen, was heute als eines der spektakul\u00e4rsten Sehensw\u00fcrdigkeiten der Welt gelten muss. \u00c4gypten hat das ganze Jahr \u00fcber einen klaren Himmel und strahlenden Sonnenschein. Englisch ist nach Arabisch die am weitesten verbreitete Sprache. Das Land bietet Natur- und W\u00fcstenwanderungen, gro\u00dfartiges Tauchen und sogar Golf-, Angel- und Vogelbeobachtungsexpeditionen.<\/p>\n<p>Wenn Sie erw\u00e4gen, in \u00c4gypten zu kaufen, dann sind Sie bei uns genau richtig. Es wird erwartet, dass \u00c4gypten im Jahr 2008 zu einem der Top-Reiseziele der Welt wird, um Immobilien zu besitzen und in Immobilien zu investieren. Auf dieser Website finden Sie n\u00fctzliche Informationen \u00fcber den Kauf von Immobilien in \u00c4gypten und insbesondere entlang der wichtigsten Touristenorte entlang der Riviera des Roten Meeres.<\/p>\n<p>Hurghada und Sharm El Sheikh sind zwei der Top-Reiseziele. Wir glauben, dass sich Immobilien in Hurghada f\u00fcr Investoren als attraktiver erweisen werden, da es viel mehr Potenzial f\u00fcr Kapitalwachstum gibt. St\u00f6bern Sie auf dieser Website, um mehr \u00fcber diese Regionen zu erfahren und eine gro\u00dfe Auswahl an Immobilien zu entdecken, die zum Verkauf stehen.<\/p>\n<p>Die unmittelbare N\u00e4he zu Gro\u00dfbritannien und Europa bedeutet, dass \u00c4gypten ein enormes Potenzial f\u00fcr den Tourismusmarkt hat. In Verbindung mit dem ganzj\u00e4hrigen Sonnenschein an der Riviera des Roten Meeres bedeutet dies, dass Anleger das ganze Jahr \u00fcber einen Gewinn erzielen k\u00f6nnen.<\/p>\n<p>Die \u00e4gyptische Regierung hat die immobilienbezogene Besteuerung drastisch gesenkt, um den gesamten Prozess des Immobilienbesitzes in \u00c4gypten angenehmer und unkomplizierter zu gestalten.<\/p>\n<ul>\n<li>Ausl\u00e4ndische Auslandsinvestitionen sind auf einem Allzeithoch<\/li>\n<li>Steigerung des j\u00e4hrlichen Besucheraufkommens<\/li>\n<li>Gute Beziehungen zu westlichen Regierungen<\/li>\n<li>Hohes Potenzial f\u00fcr Mieteinnahmen aus kurzfristigen touristischen Vermietungen<\/li>\n<\/ul>\n\n\t\t<\/div>\n\t<\/div>\n<\/div><\/div><\/div><\/div><div class=\"row row-fluid\"><div class=\"col-sm-6\"><div class=\"vc_column-inner\"><div class=\"wpb_wrapper\"><div id=\"ts-vcsc-image-teaser-3529959\" class=\"ts-teaser  \" style=\"margin-top: 0px; margin-bottom: 0px;\"><div class=\"ts-teaser-item\" style=\"background: #ffffff;\"><div class=\"ts-teaser-padding\" style=\" padding-bottom: 85px;\"><div class=\"ts-teaser-image-container\"><a href=\"\/egypt\/egypt-buyers-guide\/\" target=\"\"><img decoding=\"async\" src=\"https:\/\/images.sun-homes.co.uk\/wp-content\/uploads\/2017\/03\/13130027\/sea-view-1-bed-sale-palm-beach-piazza-sahl-hasheesh-11.jpg\" alt=\"sea-view-1-bed-sale-palm-beach-piazza-sahl-hasheesh-11\" class=\"ts-teaser-image\" style=\"\"><span class=\"ts-teaser-hovercontent\" style=\"background-color: #ffffff;\"><\/span><span class=\"ts-teaser-hoverimage\"><\/span><\/a><\/div><div class=\"ts-teaser-head\"><h2 class=\"ts-teaser-title\" style=\"font-size: 18px; background: #ffffff; \"><a href=\"\/egypt\/egypt-buyers-guide\/\" target=\"\" style=\" color: #a2a2a2;\">\u00c4gypten Einkaufsf\u00fchrer<\/a><\/h2><\/div><div class=\"ts-teaser-seperator\" style=\"background: #d90000;\"><\/div><div class=\"ts-teaser-text\" style=\"font-size: 17px; color: #3f3f3f;  \">How to buy a property in Egypt<\/div><div class=\"ts-teaser-button-wrap ts-teaser-button-flat\"><a href=\"\/egypt\/egypt-buyers-guide\/\" target=\"\" class=\"ts-readmore ts-dual-buttons-sun-flower ts-dual-buttons-hover-default\" style=\"font-size: 14px; padding: 10px 5px; \"><span>Read More<\/span><\/a><\/div><\/div><\/div><\/div><\/div><\/div><\/div><div class=\"col-sm-6\"><div class=\"vc_column-inner\"><div class=\"wpb_wrapper\"><section class=\"vc_cta3-container\"><div class=\"vc_general vc_cta3 vc_cta3-style-classic vc_cta3-shape-rounded vc_cta3-align-left vc_cta3-color-classic vc_cta3-icon-size-md vc_cta3-actions-bottom\"><div class=\"vc_cta3_content-container\"><div class=\"vc_cta3-content\"><header class=\"vc_cta3-content-header\"><h2>Alle Unterk\u00fcnfte in \u00c4gypten durchsuchen<\/h2><\/header><p>Klicken Sie hier, um alle zum Verkauf stehenden Immobilien in \u00c4gypten anzuzeigen<\/p>\n<\/div><div class=\"vc_cta3-actions\"><div class=\"vc_btn3-container vc_btn3-inline\" ><a class=\"vc_general vc_btn3 vc_btn3-size-md vc_btn3-shape-rounded vc_btn3-style-modern vc_btn3-color-danger\" href=\"http:\/\/sun-homes.co.uk\/egypt\/property-in-egypt\/\" title=\"\">Immobilien in \u00c4gypten ansehen<\/a><\/div><\/div><\/div><\/div><\/section><\/div><\/div><\/div><\/div><div class=\"row row-fluid\"><div class=\"col-sm-12\"><div class=\"vc_column-inner\"><div class=\"wpb_wrapper\">\n\t<div class=\"wpb_text_column wpb_content_element \" >\n\t\t<div class=\"wpb_wrapper\">\n\t\t\t<h2>Unterk\u00fcnfte in \u00c4gypten nach Region durchsuchen<\/h2>\n\n\t\t<\/div>\n\t<\/div>\n\t\t<div id=\"location-module\"\r\n\t\t\t class=\"houzez-module location-module  grid grid_v1\">\r\n\t\t\t<div class=\"row\">\r\n\t\t\t\t\t\t\t\t\t<div class=\"col-sm-4\">\r\n\t\t\t\t\t\t<div class=\"location-block\" >\r\n\t\t\t\t\t\t\t<a href=\"https:\/\/sun-homes.co.uk\/de\/area\/al-ahyaa-de\/\">\r\n\t\t\t\t\t\t\t\t<div class=\"location-fig-caption\">\r\n\t\t\t\t\t\t\t\t\t<h3 class=\"heading\">Al Ahyaa<\/h3>\r\n\r\n\t\t\t\t\t\t\t\t\t<p class=\"sub-heading\">\r\n\t\t\t\t\t\t\t\t\t\t50\t\t\t\t\t\t\t\t\t\tObjekte\t\t\t\t\t\t\t\t\t<\/p>\r\n\t\t\t\t\t\t\t\t<\/div>\r\n\t\t\t\t\t\t\t<\/a>\r\n\t\t\t\t\t\t<\/div>\r\n\t\t\t\t\t<\/div>\r\n\t\t\t\t\t\t\t\t\t\t<div class=\"col-sm-8\">\r\n\t\t\t\t\t\t<div class=\"location-block\" >\r\n\t\t\t\t\t\t\t<a href=\"https:\/\/sun-homes.co.uk\/de\/area\/al-helal-de\/\">\r\n\t\t\t\t\t\t\t\t<div class=\"location-fig-caption\">\r\n\t\t\t\t\t\t\t\t\t<h3 class=\"heading\">Al Helal<\/h3>\r\n\r\n\t\t\t\t\t\t\t\t\t<p class=\"sub-heading\">\r\n\t\t\t\t\t\t\t\t\t\t8\t\t\t\t\t\t\t\t\t\tObjekte\t\t\t\t\t\t\t\t\t<\/p>\r\n\t\t\t\t\t\t\t\t<\/div>\r\n\t\t\t\t\t\t\t<\/a>\r\n\t\t\t\t\t\t<\/div>\r\n\t\t\t\t\t<\/div>\r\n\t\t\t\t\t\t\t\t\t\t<div class=\"col-sm-8\">\r\n\t\t\t\t\t\t<div class=\"location-block\" >\r\n\t\t\t\t\t\t\t<a href=\"https:\/\/sun-homes.co.uk\/de\/area\/arabien\/\">\r\n\t\t\t\t\t\t\t\t<div class=\"location-fig-caption\">\r\n\t\t\t\t\t\t\t\t\t<h3 class=\"heading\">Arabien<\/h3>\r\n\r\n\t\t\t\t\t\t\t\t\t<p class=\"sub-heading\">\r\n\t\t\t\t\t\t\t\t\t\t17\t\t\t\t\t\t\t\t\t\tObjekte\t\t\t\t\t\t\t\t\t<\/p>\r\n\t\t\t\t\t\t\t\t<\/div>\r\n\t\t\t\t\t\t\t<\/a>\r\n\t\t\t\t\t\t<\/div>\r\n\t\t\t\t\t<\/div>\r\n\t\t\t\t\t\t\t\t\t\t<div class=\"col-sm-4\">\r\n\t\t\t\t\t\t<div class=\"location-block\" >\r\n\t\t\t\t\t\t\t<a href=\"https:\/\/sun-homes.co.uk\/de\/area\/dahar-de\/\">\r\n\t\t\t\t\t\t\t\t<div class=\"location-fig-caption\">\r\n\t\t\t\t\t\t\t\t\t<h3 class=\"heading\">Dahar<\/h3>\r\n\r\n\t\t\t\t\t\t\t\t\t<p class=\"sub-heading\">\r\n\t\t\t\t\t\t\t\t\t\t1\t\t\t\t\t\t\t\t\t\tObjekt \t\t\t\t\t\t\t\t\t<\/p>\r\n\t\t\t\t\t\t\t\t<\/div>\r\n\t\t\t\t\t\t\t<\/a>\r\n\t\t\t\t\t\t<\/div>\r\n\t\t\t\t\t<\/div>\r\n\t\t\t\t\t\t\t\t\t\t<div class=\"col-sm-4\">\r\n\t\t\t\t\t\t<div class=\"location-block\" >\r\n\t\t\t\t\t\t\t<a href=\"https:\/\/sun-homes.co.uk\/de\/area\/el-gouna-de\/\">\r\n\t\t\t\t\t\t\t\t<div class=\"location-fig-caption\">\r\n\t\t\t\t\t\t\t\t\t<h3 class=\"heading\">El Gouna<\/h3>\r\n\r\n\t\t\t\t\t\t\t\t\t<p class=\"sub-heading\">\r\n\t\t\t\t\t\t\t\t\t\t1\t\t\t\t\t\t\t\t\t\tObjekt \t\t\t\t\t\t\t\t\t<\/p>\r\n\t\t\t\t\t\t\t\t<\/div>\r\n\t\t\t\t\t\t\t<\/a>\r\n\t\t\t\t\t\t<\/div>\r\n\t\t\t\t\t<\/div>\r\n\t\t\t\t\t\t\t\t\t\t<div class=\"col-sm-8\">\r\n\t\t\t\t\t\t<div class=\"location-block\" >\r\n\t\t\t\t\t\t\t<a href=\"https:\/\/sun-homes.co.uk\/de\/area\/el-hadaba-de\/\">\r\n\t\t\t\t\t\t\t\t<div class=\"location-fig-caption\">\r\n\t\t\t\t\t\t\t\t\t<h3 class=\"heading\">El Hadaba<\/h3>\r\n\r\n\t\t\t\t\t\t\t\t\t<p class=\"sub-heading\">\r\n\t\t\t\t\t\t\t\t\t\t1\t\t\t\t\t\t\t\t\t\tObjekt \t\t\t\t\t\t\t\t\t<\/p>\r\n\t\t\t\t\t\t\t\t<\/div>\r\n\t\t\t\t\t\t\t<\/a>\r\n\t\t\t\t\t\t<\/div>\r\n\t\t\t\t\t<\/div>\r\n\t\t\t\t\t\t\t\t\t\t<div class=\"col-sm-8\">\r\n\t\t\t\t\t\t<div class=\"location-block\" >\r\n\t\t\t\t\t\t\t<a href=\"https:\/\/sun-homes.co.uk\/de\/area\/el-kawser-de\/\">\r\n\t\t\t\t\t\t\t\t<div class=\"location-fig-caption\">\r\n\t\t\t\t\t\t\t\t\t<h3 class=\"heading\">El Kawser<\/h3>\r\n\r\n\t\t\t\t\t\t\t\t\t<p class=\"sub-heading\">\r\n\t\t\t\t\t\t\t\t\t\t16\t\t\t\t\t\t\t\t\t\tObjekte\t\t\t\t\t\t\t\t\t<\/p>\r\n\t\t\t\t\t\t\t\t<\/div>\r\n\t\t\t\t\t\t\t<\/a>\r\n\t\t\t\t\t\t<\/div>\r\n\t\t\t\t\t<\/div>\r\n\t\t\t\t\t\t\t\t\t\t<div class=\"col-sm-4\">\r\n\t\t\t\t\t\t<div class=\"location-block\" >\r\n\t\t\t\t\t\t\t<a href=\"https:\/\/sun-homes.co.uk\/de\/area\/interkontinental\/\">\r\n\t\t\t\t\t\t\t\t<div class=\"location-fig-caption\">\r\n\t\t\t\t\t\t\t\t\t<h3 class=\"heading\">Interkontinental<\/h3>\r\n\r\n\t\t\t\t\t\t\t\t\t<p class=\"sub-heading\">\r\n\t\t\t\t\t\t\t\t\t\t5\t\t\t\t\t\t\t\t\t\tObjekte\t\t\t\t\t\t\t\t\t<\/p>\r\n\t\t\t\t\t\t\t\t<\/div>\r\n\t\t\t\t\t\t\t<\/a>\r\n\t\t\t\t\t\t<\/div>\r\n\t\t\t\t\t<\/div>\r\n\t\t\t\t\t\t\t\t\t\t<div class=\"col-sm-4\">\r\n\t\t\t\t\t\t<div class=\"location-block\" >\r\n\t\t\t\t\t\t\t<a href=\"https:\/\/sun-homes.co.uk\/de\/area\/magawish-de\/\">\r\n\t\t\t\t\t\t\t\t<div class=\"location-fig-caption\">\r\n\t\t\t\t\t\t\t\t\t<h3 class=\"heading\">Magawish<\/h3>\r\n\r\n\t\t\t\t\t\t\t\t\t<p class=\"sub-heading\">\r\n\t\t\t\t\t\t\t\t\t\t6\t\t\t\t\t\t\t\t\t\tObjekte\t\t\t\t\t\t\t\t\t<\/p>\r\n\t\t\t\t\t\t\t\t<\/div>\r\n\t\t\t\t\t\t\t<\/a>\r\n\t\t\t\t\t\t<\/div>\r\n\t\t\t\t\t<\/div>\r\n\t\t\t\t\t\t\t\t\t\t<div class=\"col-sm-8\">\r\n\t\t\t\t\t\t<div class=\"location-block\" >\r\n\t\t\t\t\t\t\t<a href=\"https:\/\/sun-homes.co.uk\/de\/area\/makadi-de\/\">\r\n\t\t\t\t\t\t\t\t<div class=\"location-fig-caption\">\r\n\t\t\t\t\t\t\t\t\t<h3 class=\"heading\">Makadi<\/h3>\r\n\r\n\t\t\t\t\t\t\t\t\t<p class=\"sub-heading\">\r\n\t\t\t\t\t\t\t\t\t\t25\t\t\t\t\t\t\t\t\t\tObjekte\t\t\t\t\t\t\t\t\t<\/p>\r\n\t\t\t\t\t\t\t\t<\/div>\r\n\t\t\t\t\t\t\t<\/a>\r\n\t\t\t\t\t\t<\/div>\r\n\t\t\t\t\t<\/div>\r\n\t\t\t\t\t\t\t\t\t\t<div class=\"col-sm-8\">\r\n\t\t\t\t\t\t<div class=\"location-block\" >\r\n\t\t\t\t\t\t\t<a href=\"https:\/\/sun-homes.co.uk\/de\/area\/sahl-hasheesh-de\/\">\r\n\t\t\t\t\t\t\t\t<div class=\"location-fig-caption\">\r\n\t\t\t\t\t\t\t\t\t<h3 class=\"heading\">Sahl Hasheesh<\/h3>\r\n\r\n\t\t\t\t\t\t\t\t\t<p class=\"sub-heading\">\r\n\t\t\t\t\t\t\t\t\t\t29\t\t\t\t\t\t\t\t\t\tObjekte\t\t\t\t\t\t\t\t\t<\/p>\r\n\t\t\t\t\t\t\t\t<\/div>\r\n\t\t\t\t\t\t\t<\/a>\r\n\t\t\t\t\t\t<\/div>\r\n\t\t\t\t\t<\/div>\r\n\t\t\t\t\t\t\t\t\t\t<div class=\"col-sm-4\">\r\n\t\t\t\t\t\t<div class=\"location-block\" >\r\n\t\t\t\t\t\t\t<a href=\"https:\/\/sun-homes.co.uk\/de\/area\/touristisches-gebiet\/\">\r\n\t\t\t\t\t\t\t\t<div class=\"location-fig-caption\">\r\n\t\t\t\t\t\t\t\t\t<h3 class=\"heading\">Touristisches Gebiet<\/h3>\r\n\r\n\t\t\t\t\t\t\t\t\t<p class=\"sub-heading\">\r\n\t\t\t\t\t\t\t\t\t\t10\t\t\t\t\t\t\t\t\t\tObjekte\t\t\t\t\t\t\t\t\t<\/p>\r\n\t\t\t\t\t\t\t\t<\/div>\r\n\t\t\t\t\t\t\t<\/a>\r\n\t\t\t\t\t\t<\/div>\r\n\t\t\t\t\t<\/div>\r\n\t\t\t\t\t\t\t\t<\/div>\r\n\t\t<\/div>\r\n\t\t<\/div><\/div><\/div><\/div>\n","protected":false},"excerpt":{"rendered":"Entwicklungen und Immobilien zum Verkauf in \u00c4gypten \u00c4gypten hat eine mystische und zeitlose Anziehungskraft, die seit vielen Jahrhunderten Reisende aus nah und fern anzieht. Von den faszinierenden Sehensw\u00fcrdigkeiten der Pharaonen an den Ufern des Nils in Luxor bis zu den herrlichen Str\u00e4nden des Roten Meeres in Sharm El Sheikh ist dies ein Land voller Kontraste, [...]","protected":false},"author":1,"featured_media":0,"parent":0,"menu_order":0,"comment_status":"closed","ping_status":"closed","template":"","meta":{"footnotes":""},"_links":{"self":[{"href":"https:\/\/sun-homes.co.uk\/de\/wp-json\/wp\/v2\/pages\/159515"}],"collection":[{"href":"https:\/\/sun-homes.co.uk\/de\/wp-json\/wp\/v2\/pages"}],"about":[{"href":"https:\/\/sun-homes.co.uk\/de\/wp-json\/wp\/v2\/types\/page"}],"author":[{"embeddable":true,"href":"https:\/\/sun-homes.co.uk\/de\/wp-json\/wp\/v2\/users\/1"}],"replies":[{"embeddable":true,"href":"https:\/\/sun-homes.co.uk\/de\/wp-json\/wp\/v2\/comments?post=159515"}],"version-history":[{"count":1,"href":"https:\/\/sun-homes.co.uk\/de\/wp-json\/wp\/v2\/pages\/159515\/revisions"}],"predecessor-version":[{"id":159516,"href":"https:\/\/sun-homes.co.uk\/de\/wp-json\/wp\/v2\/pages\/159515\/revisions\/159516"}],"wp:attachment":[{"href":"https:\/\/sun-homes.co.uk\/de\/wp-json\/wp\/v2\/media?parent=159515"}],"curies":[{"name":"wp","href":"https:\/\/api.w.org\/{rel}","templated":true}]}}