{"id":158424,"date":"2013-11-04T17:56:29","date_gmt":"2013-11-04T17:56:29","guid":{"rendered":"https:\/\/sun-homes.co.uk\/dienste\/verkaufen-sie-ihre-immobilie\/"},"modified":"2013-11-04T17:56:29","modified_gmt":"2013-11-04T17:56:29","slug":"verkaufen-sie-ihre-immobilie","status":"publish","type":"page","link":"https:\/\/sun-homes.co.uk\/de\/dienste\/verkaufen-sie-ihre-immobilie\/","title":{"rendered":"Verkaufen Sie Ihre Immobilie"},"content":{"rendered":"<p>Wir bieten Immobilienbesitzern einen umfassenden Wiederverkaufsservice. Wenn Sie Ihre Immobilie verkaufen m\u00f6chten, f\u00fcllen Sie bitte das untenstehende Formular aus oder <a title=\"Kontakt\" href=\"\/contact\/\">setzen Sie sich mit uns in Verbindung<\/a> , um den Wiederverkauf Ihrer Immobilie zu besprechen.<\/p>\n<h2>So funktioniert unser Wiederverkaufsservice:<\/h2>\n<ul>\n<li>Kostenloses Inserieren Ihrer Immobilie auf unserer Website<\/li>\n<li>Niedrige Provisionss\u00e4tze und hohes Engagement<\/li>\n<li>Breites Netzwerk von Unteragenturen zur Erh\u00f6hung der Bekanntheit<\/li>\n<li>Lokale B\u00fcros f\u00fcr die Abwicklung von Besichtigungen<\/li>\n<\/ul>\n<h2>3 einfache Schritte zum Weiterverkauf einer Immobilie<\/h2>\n<ol>\n<li> <span style=\"text-decoration: underline;\"><br \/>\n  <strong>Bewertung<\/strong><br \/>\n<\/span>. Entscheiden Sie sich f\u00fcr einen Verkaufspreis. Fordern Sie entweder eine<span style=\"color: #ff0000;\"><br \/>\n  <strong> kostenlose, unverbindliche Bewertung<\/strong><br \/>\n<\/span> an oder best\u00e4tigen Sie den Preis, den Sie zur\u00fcckerhalten m\u00f6chten. Wir k\u00f6nnen dann den Gesamtverkaufspreis sch\u00e4tzen, indem wir Geb\u00fchren und Abgaben hinzuf\u00fcgen.<\/li>\n<li><span style=\"text-decoration: underline;\"><strong>Bereiten Sie Dokumente vor.<\/strong><\/span>  Sobald ein Preis vereinbart ist, ben\u00f6tigen wir Kopien von Vertr\u00e4gen, Urkunden, Kaufvertr\u00e4gen, Wartungsvertr\u00e4gen und Bildern der Immobilie.<\/li>\n<li><span style=\"text-decoration: underline;\"><strong>Live-Listing<\/strong> <\/span>&#8211; Ihre Immobilie wird \u00fcber unsere eigenen Websites, l\u00e4nderspezifischen Websites, britischen und internationalen Portale und \u00fcber unser internationales Netzwerk von Maklern inseriert.<\/li>\n<\/ol>\n<h2>Reichen Sie Ihre Wiederverkaufsimmobilie ein oder fordern Sie eine Bewertung an<\/h2>\n<div class=\"row-fluid\">\n<div class=\"span10\">[gravityform id=&#8220;9&#8243; title=&#8220;FALSCH&#8220; description=&#8220;false&#8220; ajax=&#8220;true&#8220; tabindex=&#8220;49&#8243;]<\/div>\n<\/div>\n","protected":false},"excerpt":{"rendered":"<p>Wir bieten Immobilienbesitzern einen umfassenden Wiederverkaufsservice. Wenn Sie Ihre Immobilie verkaufen m\u00f6chten, f\u00fcllen Sie bitte das untenstehende Formular aus oder setzen Sie sich mit uns in Verbindung , um den Wiederverkauf Ihrer Immobilie zu besprechen. So funktioniert unser Wiederverkaufsservice: Kostenloses Inserieren Ihrer Immobilie auf unserer Website Niedrige Provisionss\u00e4tze und hohes Engagement Breites Netzwerk von Unteragenturen [&hellip;]<\/p>\n","protected":false},"author":1,"featured_media":0,"parent":158355,"menu_order":5,"comment_status":"closed","ping_status":"open","template":"","meta":{"footnotes":""},"_links":{"self":[{"href":"https:\/\/sun-homes.co.uk\/de\/wp-json\/wp\/v2\/pages\/158424"}],"collection":[{"href":"https:\/\/sun-homes.co.uk\/de\/wp-json\/wp\/v2\/pages"}],"about":[{"href":"https:\/\/sun-homes.co.uk\/de\/wp-json\/wp\/v2\/types\/page"}],"author":[{"embeddable":true,"href":"https:\/\/sun-homes.co.uk\/de\/wp-json\/wp\/v2\/users\/1"}],"replies":[{"embeddable":true,"href":"https:\/\/sun-homes.co.uk\/de\/wp-json\/wp\/v2\/comments?post=158424"}],"version-history":[{"count":0,"href":"https:\/\/sun-homes.co.uk\/de\/wp-json\/wp\/v2\/pages\/158424\/revisions"}],"up":[{"embeddable":true,"href":"https:\/\/sun-homes.co.uk\/de\/wp-json\/wp\/v2\/pages\/158355"}],"wp:attachment":[{"href":"https:\/\/sun-homes.co.uk\/de\/wp-json\/wp\/v2\/media?parent=158424"}],"curies":[{"name":"wp","href":"https:\/\/api.w.org\/{rel}","templated":true}]}}