{"id":158359,"date":"2013-10-31T15:11:21","date_gmt":"2013-10-31T15:11:21","guid":{"rendered":"https:\/\/sun-homes.co.uk\/dienste\/immobilienverwaltung\/"},"modified":"2023-09-06T19:35:08","modified_gmt":"2023-09-06T19:35:08","slug":"immobilienverwaltung","status":"publish","type":"page","link":"https:\/\/sun-homes.co.uk\/de\/dienste\/immobilienverwaltung\/","title":{"rendered":"Immobilienverwaltung"},"content":{"rendered":"<div class=\"row row-fluid\"><div class=\"col-sm-12\"><div class=\"vc_column-inner\"><div class=\"wpb_wrapper\">\n\t<div class=\"wpb_text_column wpb_content_element \" >\n\t\t<div class=\"wpb_wrapper\">\n\t\t\t<p>Wir bieten unsere eigenen Verwaltungsdienstleistungen sowohl in Bulgarien als auch in \u00c4gypten an, um sicherzustellen, dass Sie die Gewissheit haben, dass Ihre Immobilie vor Ort betreut wird. Die Dienstleistungen reichen von einem einfachen Schl\u00fcssel\u00fcbergabeservice bis hin zu vollst\u00e4ndigen monatlichen Inspektionsdiensten, Zahlung von Stromrechnungen, Reinigung, Wartung und sogar Vermietung.<\/p>\n<p>Weitere Informationen finden Sie auf unseren speziellen Immobilienverwaltungsseiten<\/p>\n<div class=\"row-fluid\"><\/div>\n\n\t\t<\/div>\n\t<\/div>\n<\/div><\/div><\/div><\/div><div class=\"row row-fluid\"><div class=\"col-sm-6\"><div class=\"vc_column-inner\"><div class=\"wpb_wrapper\"><div id=\"ts-vcsc-image-teaser-7190362\" class=\"ts-teaser  \" style=\"margin-top: 0px; margin-bottom: 0px;\"><div class=\"ts-teaser-item\" style=\"background: #f7f7f7;\"><div class=\"ts-teaser-padding\" style=\" padding-bottom: 85px;\"><div class=\"ts-teaser-image-container\"><a href=\"http:\/\/www.propertymanagementhurghada.com\/\" target=\"\"><img decoding=\"async\" src=\"https:\/\/images.sun-homes.co.uk\/wp-content\/uploads\/2017\/03\/13130126\/apartment-sale-ocean-breeze-sahl-hasheesh-1.jpg\" alt=\"apartment-sale-ocean-breeze-sahl-hasheesh-1\" class=\"ts-teaser-image\" style=\"\"><span class=\"ts-teaser-hovercontent\" style=\"background-color: #dd3333;\"><\/span><span class=\"ts-teaser-hoverimage\"><\/span><\/a><\/div><div class=\"ts-teaser-head\"><h2 class=\"ts-teaser-title\" style=\"font-size: 18px; background: #f7f7f7; \"><a href=\"http:\/\/www.propertymanagementhurghada.com\/\" target=\"\" style=\" color: #000000;\">Hurghada Hausverwaltung<\/a><\/h2><\/div><div class=\"ts-teaser-seperator\" style=\"background: #dd3333;\"><\/div><div class=\"ts-teaser-text\" style=\"font-size: 13px; color: #282828;  \">We offer a complete management service from key-holding only to full monthly security inspection trips, cleaning, guest services, maintenance &amp; repairs and rentals. Areas Covered:  Hurghada Makadi Sahl Hasheesh Prices start at just \u00a375<\/div><div class=\"ts-teaser-button-wrap ts-teaser-button-flat\"><a href=\"http:\/\/www.propertymanagementhurghada.com\/\" target=\"\" class=\"ts-readmore ts-dual-buttons-sun-flower ts-dual-buttons-hover-default\" style=\"font-size: 14px; padding: 10px 5px; \"><span>Read More<\/span><\/a><\/div><\/div><\/div><\/div><\/div><\/div><\/div><div class=\"col-sm-6\"><div class=\"vc_column-inner\"><div class=\"wpb_wrapper\"><div id=\"ts-vcsc-image-teaser-5873818\" class=\"ts-teaser  \" style=\"margin-top: 0px; margin-bottom: 0px;\"><div class=\"ts-teaser-item\" style=\"background: #f7f7f7;\"><div class=\"ts-teaser-padding\" style=\" padding-bottom: 85px;\"><div class=\"ts-teaser-image-container\"><a href=\"http:\/\/www.propertymanagementbansko.com\/\" target=\"\"><img decoding=\"async\" src=\"https:\/\/sun-homes.co.uk\/wp-content\/plugins\/ts-visual-composer-extend\/images\/defaults\/no_image.jpg\" alt=\"no_image\" class=\"ts-teaser-image\" style=\"\"><span class=\"ts-teaser-hovercontent\" style=\"background-color: #dd3333;\"><\/span><span class=\"ts-teaser-hoverimage\"><\/span><\/a><\/div><div class=\"ts-teaser-head\"><h2 class=\"ts-teaser-title\" style=\"font-size: 18px; background: #f7f7f7; \"><a href=\"http:\/\/www.propertymanagementbansko.com\/\" target=\"\" style=\" color: #000000;\">Bulgarien Immobilienverwaltung<\/a><\/h2><\/div><div class=\"ts-teaser-seperator\" style=\"background: #dd3333;\"><\/div><div class=\"ts-teaser-text\" style=\"font-size: 13px; color: #282828;  \">We offer a complete management service from key-holding only to full monthly security inspection trips, cleaning, guest services, maintenance &amp; repairs and rentals and much more in Bansko.  Areas Covered:  \u2022 Bansko - Prices start at just \u20ac75 per year<\/div><div class=\"ts-teaser-button-wrap ts-teaser-button-flat\"><a href=\"http:\/\/www.propertymanagementbansko.com\/\" target=\"\" class=\"ts-readmore ts-dual-buttons-sun-flower ts-dual-buttons-hover-default\" style=\"font-size: 14px; padding: 10px 5px; \"><span>Read More<\/span><\/a><\/div><\/div><\/div><\/div><\/div><\/div><\/div><\/div>\n","protected":false},"excerpt":{"rendered":"Wir bieten unsere eigenen Verwaltungsdienstleistungen sowohl in Bulgarien als auch in \u00c4gypten an, um sicherzustellen, dass Sie die Gewissheit haben, dass Ihre Immobilie vor Ort betreut wird. Die Dienstleistungen reichen von einem einfachen Schl\u00fcssel\u00fcbergabeservice bis hin zu vollst\u00e4ndigen monatlichen Inspektionsdiensten, Zahlung von Stromrechnungen, Reinigung, Wartung und sogar Vermietung. Weitere Informationen finden Sie auf unseren speziellen [...]","protected":false},"author":1,"featured_media":0,"parent":158355,"menu_order":4,"comment_status":"closed","ping_status":"open","template":"","meta":{"footnotes":""},"_links":{"self":[{"href":"https:\/\/sun-homes.co.uk\/de\/wp-json\/wp\/v2\/pages\/158359"}],"collection":[{"href":"https:\/\/sun-homes.co.uk\/de\/wp-json\/wp\/v2\/pages"}],"about":[{"href":"https:\/\/sun-homes.co.uk\/de\/wp-json\/wp\/v2\/types\/page"}],"author":[{"embeddable":true,"href":"https:\/\/sun-homes.co.uk\/de\/wp-json\/wp\/v2\/users\/1"}],"replies":[{"embeddable":true,"href":"https:\/\/sun-homes.co.uk\/de\/wp-json\/wp\/v2\/comments?post=158359"}],"version-history":[{"count":1,"href":"https:\/\/sun-homes.co.uk\/de\/wp-json\/wp\/v2\/pages\/158359\/revisions"}],"predecessor-version":[{"id":158360,"href":"https:\/\/sun-homes.co.uk\/de\/wp-json\/wp\/v2\/pages\/158359\/revisions\/158360"}],"up":[{"embeddable":true,"href":"https:\/\/sun-homes.co.uk\/de\/wp-json\/wp\/v2\/pages\/158355"}],"wp:attachment":[{"href":"https:\/\/sun-homes.co.uk\/de\/wp-json\/wp\/v2\/media?parent=158359"}],"curies":[{"name":"wp","href":"https:\/\/api.w.org\/{rel}","templated":true}]}}