{"id":158355,"date":"2013-10-31T14:42:03","date_gmt":"2013-10-31T14:42:03","guid":{"rendered":"https:\/\/sun-homes.co.uk\/dienste\/"},"modified":"2023-09-06T19:32:40","modified_gmt":"2023-09-06T19:32:40","slug":"dienste","status":"publish","type":"page","link":"https:\/\/sun-homes.co.uk\/de\/dienste\/","title":{"rendered":"Dienste"},"content":{"rendered":"<div class=\"row row-fluid\"><div class=\"col-sm-12\"><div class=\"vc_column-inner\"><div class=\"wpb_wrapper\">\n\t<div class=\"wpb_text_column wpb_content_element \" >\n\t\t<div class=\"wpb_wrapper\">\n\t\t\t<p>Bei Sun Homes bieten wir eine Vielzahl von Inhouse-Dienstleistungen an, um unseren Immobilienverkaufsservice in den L\u00e4ndern, in denen wir verkaufen, zu erg\u00e4nzen.<\/p>\n<ul>\n<li><a href=\"http:\/\/sun-homes.co.uk\/services\/property-managament\/\">Hausverwaltung<\/a><\/li>\n<li><a href=\"http:\/\/sun-homes.co.uk\/services\/furniture-packages\/\">M\u00f6belpakete (\u00c4gypten &amp; Bulgarien)<\/a><\/li>\n<li><a href=\"http:\/\/sun-homes.co.uk\/services\/overseas-home-insurance\/\">\u00dcbersee-Sachversicherung<\/a><\/li>\n<li><a href=\"http:\/\/sun-homes.co.uk\/services\/sell-property\/\">Wiederverkaufs-Service<\/a><\/li>\n<li>Entwerfen &amp; Bauen<\/li>\n<\/ul>\n\n\t\t<\/div>\n\t<\/div>\n<\/div><\/div><\/div><\/div>\n","protected":false},"excerpt":{"rendered":"Bei Sun Homes bieten wir eine Vielzahl von Inhouse-Dienstleistungen an, um unseren Immobilienverkaufsservice in den L\u00e4ndern, in denen wir verkaufen, zu erg\u00e4nzen. Hausverwaltung M\u00f6belpakete (\u00c4gypten &amp; Bulgarien) \u00dcbersee-Sachversicherung Wiederverkaufs-Service Entwerfen &amp; Bauen","protected":false},"author":1,"featured_media":0,"parent":0,"menu_order":0,"comment_status":"closed","ping_status":"open","template":"","meta":{"footnotes":""},"_links":{"self":[{"href":"https:\/\/sun-homes.co.uk\/de\/wp-json\/wp\/v2\/pages\/158355"}],"collection":[{"href":"https:\/\/sun-homes.co.uk\/de\/wp-json\/wp\/v2\/pages"}],"about":[{"href":"https:\/\/sun-homes.co.uk\/de\/wp-json\/wp\/v2\/types\/page"}],"author":[{"embeddable":true,"href":"https:\/\/sun-homes.co.uk\/de\/wp-json\/wp\/v2\/users\/1"}],"replies":[{"embeddable":true,"href":"https:\/\/sun-homes.co.uk\/de\/wp-json\/wp\/v2\/comments?post=158355"}],"version-history":[{"count":1,"href":"https:\/\/sun-homes.co.uk\/de\/wp-json\/wp\/v2\/pages\/158355\/revisions"}],"predecessor-version":[{"id":158356,"href":"https:\/\/sun-homes.co.uk\/de\/wp-json\/wp\/v2\/pages\/158355\/revisions\/158356"}],"wp:attachment":[{"href":"https:\/\/sun-homes.co.uk\/de\/wp-json\/wp\/v2\/media?parent=158355"}],"curies":[{"name":"wp","href":"https:\/\/api.w.org\/{rel}","templated":true}]}}