{"id":158318,"date":"2013-08-14T10:35:52","date_gmt":"2013-08-14T10:35:52","guid":{"rendered":"https:\/\/sun-homes.co.uk\/ueber-uns\/"},"modified":"2013-08-14T10:35:52","modified_gmt":"2013-08-14T10:35:52","slug":"ueber-uns","status":"publish","type":"page","link":"https:\/\/sun-homes.co.uk\/de\/ueber-uns\/","title":{"rendered":"\u00dcber uns"},"content":{"rendered":"<p>Sun Homes Overseas Ltd ist eine in <strong>Gro\u00dfbritannien ans\u00e4ssige<\/strong>, spezialisierte internationale Immobilienagentur mit Niederlassungen in ganz Europa und Afrika. Das Unternehmen wurde mit dem Ziel gegr\u00fcndet, britische Kunden beim Kauf von Immobilien in beliebten Urlaubszielen wie Spanien und Zypern zu unterst\u00fctzen. Wir wurden <strong>im August 2003 gegr\u00fcndet<\/strong>. Bald darauf spezialisierte sich das Unternehmen auf aufstrebende M\u00e4rkte und 2005 wurden unsere ersten B\u00fcros in Bulgarien er\u00f6ffnet. Im Jahr 2006 er\u00f6ffneten wir unser zweites B\u00fcro im Red Sea Resort in Hurghada.<\/p>\n<p>Unsere Kunden sind eine Mischung aus Investoren, Ferienhausbewohnern und Ruhestandssuchenden. Unsere Philosophie basiert auf umfassendem Kundenservice und Zufriedenheit. Durch die Er\u00f6ffnung unserer eigenen B\u00fcros in den Resorts sind wir in der Lage, direkt mit den Eigent\u00fcmern und Entwicklern von Immobilien zusammenzuarbeiten und alle Zwischenh\u00e4ndler auszuschlie\u00dfen. Wir bieten auch eine Vielzahl von Dienstleistungen direkt von unseren B\u00fcros aus an, um Ihnen w\u00e4hrend und nach dem Kauf zu helfen. Unser Ziel ist es, allen unseren K\u00e4ufern und Managementkunden einen umfassenden One-Stop-Shop-Service zu bieten.<\/p>\n<p><strong>Zu den Dienstleistungen geh\u00f6ren:<\/strong><\/p>\n<ul>\n<li><strong>Inspektionsbesuche<\/strong><\/li>\n<li><strong>Hausverwaltung &amp; Vermietungsservice<\/strong><\/li>\n<li><strong>Finanzierung &amp; Versicherung f\u00fcr Ihre Immobilie<\/strong><\/li>\n<li><strong>M\u00f6blierung &amp; Innenarchitektur<\/strong><\/li>\n<li><strong>Design &amp; Build-Service<\/strong><\/li>\n<li><strong>M\u00e4ngel-Service<\/strong><\/li>\n<li><strong>Regelm\u00e4\u00dfige Updates zu den Fortschritten<\/strong><\/li>\n<li><strong>Devisenhilfe<\/strong><\/li>\n<li><strong>\u00dcber die Direktoren<\/strong><\/li>\n<\/ul>\n<p>Sun Homes Overseas wurde von seinen 2 Direktoren, George Sorial und Nigel Murton, gegr\u00fcndet, die einen sehr praktischen Ansatz bei der F\u00fchrung des Unternehmens haben. Zusammen verf\u00fcgen sie \u00fcber ein umfangreiches Wissen auf dem ausl\u00e4ndischen Immobilienmarkt und haben in die Entwicklungen investiert, die das Unternehmen selbst f\u00f6rdert.<\/p>\n<p>Unabh\u00e4ngiges Unternehmen, das von Gro\u00dfbritannien aus einen echten Blick auf den lokalen Markt bietet<\/p>\n<p><strong>Warum \u00fcber uns kaufen?<\/strong><\/p>\n<ul style=\"list-style: none;\">\n<li><i class=\"icon-check\"><\/i>  Wir arbeiten direkt mit Entwicklern zusammen &#8211; keine 3. Parteien beteiligt<\/li>\n<li><i class=\"icon-check\"><\/i>  Etablierte B\u00fcros mit erfahrenen lokalen Managern und unterst\u00fctzenden Mitarbeitern<\/li>\n<li><i class=\"icon-check\"><\/i>  Umfassende Dienstleistungen unter einem Dach von unseren lokalen B\u00fcros aus<\/li>\n<li><i class=\"icon-check\"><\/i>  Niedrigster Preis garantiert<\/li>\n<li><i class=\"icon-check\"><\/i>  Keine Verkaufstechniken mit hartem Druck<\/li>\n<li><i class=\"icon-check\"><\/i>  Lebenslanger Kundensupport<\/li>\n<li><i class=\"icon-check\"><\/i>  100 zufriedene Kunden: <a title=\"Kundenreferenzen\" href=\"\/about\/client-testimonials\/\">Lesen Sie unsere Kundenreferenzen<\/a><\/li>\n<\/ul>\n","protected":false},"excerpt":{"rendered":"<p>Sun Homes Overseas Ltd ist eine in Gro\u00dfbritannien ans\u00e4ssige, spezialisierte internationale Immobilienagentur mit Niederlassungen in ganz Europa und Afrika. Das Unternehmen wurde mit dem Ziel gegr\u00fcndet, britische Kunden beim Kauf von Immobilien in beliebten Urlaubszielen wie Spanien und Zypern zu unterst\u00fctzen. Wir wurden im August 2003 gegr\u00fcndet. Bald darauf spezialisierte sich das Unternehmen auf aufstrebende [&hellip;]<\/p>\n","protected":false},"author":1,"featured_media":0,"parent":0,"menu_order":0,"comment_status":"closed","ping_status":"open","template":"","meta":{"footnotes":""},"_links":{"self":[{"href":"https:\/\/sun-homes.co.uk\/de\/wp-json\/wp\/v2\/pages\/158318"}],"collection":[{"href":"https:\/\/sun-homes.co.uk\/de\/wp-json\/wp\/v2\/pages"}],"about":[{"href":"https:\/\/sun-homes.co.uk\/de\/wp-json\/wp\/v2\/types\/page"}],"author":[{"embeddable":true,"href":"https:\/\/sun-homes.co.uk\/de\/wp-json\/wp\/v2\/users\/1"}],"replies":[{"embeddable":true,"href":"https:\/\/sun-homes.co.uk\/de\/wp-json\/wp\/v2\/comments?post=158318"}],"version-history":[{"count":0,"href":"https:\/\/sun-homes.co.uk\/de\/wp-json\/wp\/v2\/pages\/158318\/revisions"}],"wp:attachment":[{"href":"https:\/\/sun-homes.co.uk\/de\/wp-json\/wp\/v2\/media?parent=158318"}],"curies":[{"name":"wp","href":"https:\/\/api.w.org\/{rel}","templated":true}]}}